{"id":3041,"date":"2024-02-07T10:38:12","date_gmt":"2024-02-07T09:38:12","guid":{"rendered":"https:\/\/cos.uek.krakow.pl\/biuro-stypendiow-i-ubezpieczen-zdrowotnych\/?page_id=3041"},"modified":"2025-01-31T14:08:06","modified_gmt":"2025-01-31T13:08:06","slug":"strona-glowna","status":"publish","type":"page","link":"https:\/\/cos.uek.krakow.pl\/biuro-stypendiow-i-ubezpieczen-zdrowotnych\/","title":{"rendered":"Strona g\u0142\u00f3wna"},"content":{"rendered":"\t\t<div data-elementor-type=\"wp-page\" data-elementor-id=\"3041\" class=\"elementor elementor-3041\" data-elementor-post-type=\"page\">\n\t\t\t\t<div class=\"elementor-element elementor-element-5330f1a e-flex e-con-boxed e-con e-parent\" data-id=\"5330f1a\" data-element_type=\"container\" data-e-type=\"container\">\n\t\t\t\t\t<div class=\"e-con-inner\">\n\t\t<div class=\"elementor-element elementor-element-cdd517b e-con-full e-flex e-con e-child\" data-id=\"cdd517b\" data-element_type=\"container\" data-e-type=\"container\">\n\t\t<div class=\"elementor-element elementor-element-11468ce e-grid e-con-boxed e-con e-child\" data-id=\"11468ce\" data-element_type=\"container\" data-e-type=\"container\">\n\t\t\t\t\t<div class=\"e-con-inner\">\n\t\t\t\t<div class=\"elementor-element elementor-element-1208a00 elementor-widget elementor-widget-heading\" data-id=\"1208a00\" data-element_type=\"widget\" data-e-type=\"widget\" data-widget_type=\"heading.default\">\n\t\t\t\t<div class=\"elementor-widget-container\">\n\t\t\t\t\t<h2 class=\"elementor-heading-title elementor-size-default\">Komunikaty<\/h2>\t\t\t\t<\/div>\n\t\t\t\t<\/div>\n\t\t\t\t<div class=\"elementor-element elementor-element-03fa5b2 elementor-widget elementor-widget-eael-creative-button\" data-id=\"03fa5b2\" data-element_type=\"widget\" data-e-type=\"widget\" data-widget_type=\"eael-creative-button.default\">\n\t\t\t\t<div class=\"elementor-widget-container\">\n\t\t\t\t\t        <div class=\"eael-creative-button-wrapper\">\n\n            <a class=\"eael-creative-button eael-creative-button--default\" href=\"https:\/\/cos.uek.krakow.pl\/biuro-stypendiow-i-ubezpieczen-zdrowotnych\/komunikaty\/\" data-text=\"Go!\">\n            \t    \n                <div class=\"creative-button-inner\">\n\n                    \n                    <span class=\"cretive-button-text\">Wi\u0119cej komunikat\u00f3w <\/span>\n\n                                            <span class=\"eael-creative-button-icon-right\"><i aria-hidden=\"true\" class=\"fas fa-long-arrow-alt-right\"><\/i><\/span>                                    <\/div>\n\t                        <\/a>\n        <\/div>\n        \t\t\t\t<\/div>\n\t\t\t\t<\/div>\n\t\t\t\t\t<\/div>\n\t\t\t\t<\/div>\n\t\t\t\t<div class=\"elementor-element elementor-element-88a496d elementor-widget-divider--view-line elementor-widget elementor-widget-divider\" data-id=\"88a496d\" data-element_type=\"widget\" data-e-type=\"widget\" data-widget_type=\"divider.default\">\n\t\t\t\t<div class=\"elementor-widget-container\">\n\t\t\t\t\t\t\t<div class=\"elementor-divider\">\n\t\t\t<span class=\"elementor-divider-separator\">\n\t\t\t\t\t\t<\/span>\n\t\t<\/div>\n\t\t\t\t\t\t<\/div>\n\t\t\t\t<\/div>\n\t\t\t\t<div class=\"elementor-element elementor-element-8388c6c elementor-grid-tablet_extra-eael-col-4 elementor-grid-eael-col-2 elementor-grid-tablet-eael-col-2 elementor-grid-mobile-eael-col-1 elementor-widget elementor-widget-eael-post-grid\" data-id=\"8388c6c\" data-element_type=\"widget\" data-e-type=\"widget\" data-settings=\"{&quot;eael_post_grid_columns_tablet_extra&quot;:&quot;eael-col-4&quot;,&quot;eael_post_grid_columns&quot;:&quot;eael-col-2&quot;,&quot;eael_post_grid_columns_tablet&quot;:&quot;eael-col-2&quot;,&quot;eael_post_grid_columns_mobile&quot;:&quot;eael-col-1&quot;}\" data-widget_type=\"eael-post-grid.default\">\n\t\t\t\t<div class=\"elementor-widget-container\">\n\t\t\t\t\t<div id=\"eael-post-grid-8388c6c\" class=\"eael-post-grid-container\">\n            <div class=\"eael-post-grid eael-post-appender eael-post-appender-8388c6c eael-post-grid-style-one\" data-layout-mode=\"grid\"><article class=\"eael-grid-post  eael-post-grid-column eael-pg-post-3922 category-aktualnosci\" data-id=\"3922\">\n        <div class=\"eael-grid-post-holder\">\n            <div class=\"eael-grid-post-holder-inner\"><div class=\"eael-entry-wrapper\"><header class=\"eael-entry-header\"><h2 class=\"eael-entry-title\"><a class=\"eael-grid-post-link\" href=\"https:\/\/cos.uek.krakow.pl\/biuro-stypendiow-i-ubezpieczen-zdrowotnych\/blog\/2026\/03\/23\/ranking-wstepny-rekrutacja-marcowa-2\/\" title=\"RANKING WST\u0118PNY &#8211; REKRUTACJA MARCOWA\">RANKING WST\u0118PNY &#8211; REKRUTACJA MARCOWA<\/a><\/h2><\/header><div class=\"eael-entry-header-after\"><div class=\"eael-entry-meta\"><span class=\"eael-posted-on\"><time datetime=\"2026-03-23\">2026-03-23<\/time><\/span><\/div><\/div><div class=\"eael-entry-content\">\n                        <div class=\"eael-grid-post-excerpt\"><a href=\"https:\/\/cos.uek.krakow.pl\/biuro-stypendiow-i-ubezpieczen-zdrowotnych\/blog\/2026\/03\/23\/ranking-wstepny-rekrutacja-marcowa-2\/\" class=\"eael-post-elements-readmore-btn\">Czytaj wi\u0119cej  \u2013&gt;<\/a><\/div>\n                    <\/div><\/div><\/div>\n        <\/div>\n    <\/article><article class=\"eael-grid-post  eael-post-grid-column eael-pg-post-3911 category-aktualnosci\" data-id=\"3911\">\n        <div class=\"eael-grid-post-holder\">\n            <div class=\"eael-grid-post-holder-inner\"><div class=\"eael-entry-wrapper\"><header class=\"eael-entry-header\"><h2 class=\"eael-entry-title\"><a class=\"eael-grid-post-link\" href=\"https:\/\/cos.uek.krakow.pl\/biuro-stypendiow-i-ubezpieczen-zdrowotnych\/blog\/2026\/03\/17\/stypendium-rektora-2025-26-rekrutacja-marcowa-zakonczenie-i-etapu-juz-w-srode-18-marca\/\" title=\"STYPENDIUM REKTORA 2025\/26 &#8211; Rekrutacja marcowa &#8211; zako\u0144czenie I etapu ju\u017c w \u015brod\u0119 18 marca\">STYPENDIUM REKTORA 2025\/26 &#8211; Rekrutacja marcowa &#8211; zako\u0144czenie I etapu ju\u017c w \u015brod\u0119 18 marca<\/a><\/h2><\/header><div class=\"eael-entry-header-after\"><div class=\"eael-entry-meta\"><span class=\"eael-posted-on\"><time datetime=\"2026-03-17\">2026-03-17<\/time><\/span><\/div><\/div><div class=\"eael-entry-content\">\n                        <div class=\"eael-grid-post-excerpt\"><a href=\"https:\/\/cos.uek.krakow.pl\/biuro-stypendiow-i-ubezpieczen-zdrowotnych\/blog\/2026\/03\/17\/stypendium-rektora-2025-26-rekrutacja-marcowa-zakonczenie-i-etapu-juz-w-srode-18-marca\/\" class=\"eael-post-elements-readmore-btn\">Czytaj wi\u0119cej  \u2013&gt;<\/a><\/div>\n                    <\/div><\/div><\/div>\n        <\/div>\n    <\/article><\/div>\n            <div class=\"clearfix\"><\/div>\n        <\/div>            <div class=\"eael-load-more-button-wrap eael-force-hide\">\n                <button class=\"eael-load-more-button\" id=\"eael-load-more-btn-8388c6c\" data-widget-id=\"8388c6c\" data-widget=\"8388c6c\" data-page-id=\"3041\" data-template=\"{&quot;dir&quot;:&quot;lite&quot;,&quot;file_name&quot;:&quot;one.php&quot;,&quot;name&quot;:&quot;Post-Grid&quot;}\" data-class=\"Essential_Addons_Elementor\\Elements\\Post_Grid\" data-layout=\"grid\" data-page=\"1\" data-args=\"orderby=date&amp;order=desc&amp;ignore_sticky_posts=1&amp;post_status=publish&amp;posts_per_page=2&amp;offset=0&amp;post_type=post&amp;tax_query%5B0%5D%5Btaxonomy%5D=category&amp;tax_query%5B0%5D%5Bfield%5D=term_id&amp;tax_query%5B0%5D%5Bterms%5D%5B0%5D=7&amp;tax_query%5Brelation%5D=AND\" data-max-page=\"11\">\n                    <span class=\"eael-btn-loader button__loader\"><\/span>\n                    <span class=\"eael_load_more_text\">Wi\u0119cej aktualno\u015bci<\/span>\n                <\/button>\n            <\/div>\n            \t\t\t\t<\/div>\n\t\t\t\t<\/div>\n\t\t\t\t<\/div>\n\t\t<div class=\"elementor-element elementor-element-2e07c34 e-con-full e-flex e-con e-child\" data-id=\"2e07c34\" data-element_type=\"container\" data-e-type=\"container\">\n\t\t\t\t<div class=\"elementor-element elementor-element-bdecb08 elementor-widget elementor-widget-image\" data-id=\"bdecb08\" data-element_type=\"widget\" data-e-type=\"widget\" data-widget_type=\"image.default\">\n\t\t\t\t<div class=\"elementor-widget-container\">\n\t\t\t\t\t\t\t\t\t\t\t\t\t\t\t<img fetchpriority=\"high\" decoding=\"async\" width=\"1400\" height=\"1695\" src=\"https:\/\/cos.uek.krakow.pl\/biuro-stypendiow-i-ubezpieczen-zdrowotnych\/wp-content\/uploads\/sites\/2\/2024\/02\/studentka-bsiuz.webp\" class=\"attachment-full size-full wp-image-3274\" alt=\"\" srcset=\"https:\/\/cos.uek.krakow.pl\/biuro-stypendiow-i-ubezpieczen-zdrowotnych\/wp-content\/uploads\/sites\/2\/2024\/02\/studentka-bsiuz.webp 1400w, https:\/\/cos.uek.krakow.pl\/biuro-stypendiow-i-ubezpieczen-zdrowotnych\/wp-content\/uploads\/sites\/2\/2024\/02\/studentka-bsiuz-248x300.webp 248w, https:\/\/cos.uek.krakow.pl\/biuro-stypendiow-i-ubezpieczen-zdrowotnych\/wp-content\/uploads\/sites\/2\/2024\/02\/studentka-bsiuz-846x1024.webp 846w, https:\/\/cos.uek.krakow.pl\/biuro-stypendiow-i-ubezpieczen-zdrowotnych\/wp-content\/uploads\/sites\/2\/2024\/02\/studentka-bsiuz-768x930.webp 768w, https:\/\/cos.uek.krakow.pl\/biuro-stypendiow-i-ubezpieczen-zdrowotnych\/wp-content\/uploads\/sites\/2\/2024\/02\/studentka-bsiuz-1269x1536.webp 1269w, https:\/\/cos.uek.krakow.pl\/biuro-stypendiow-i-ubezpieczen-zdrowotnych\/wp-content\/uploads\/sites\/2\/2024\/02\/studentka-bsiuz-1140x1380.webp 1140w\" sizes=\"(max-width: 1400px) 100vw, 1400px\" \/>\t\t\t\t\t\t\t\t\t\t\t\t\t\t\t<\/div>\n\t\t\t\t<\/div>\n\t\t\t\t<\/div>\n\t\t\t\t\t<\/div>\n\t\t\t\t<\/div>\n\t\t<div class=\"elementor-element elementor-element-fa0844f e-flex e-con-boxed e-con e-parent\" data-id=\"fa0844f\" data-element_type=\"container\" data-e-type=\"container\" data-settings=\"{&quot;background_background&quot;:&quot;classic&quot;,&quot;shape_divider_top&quot;:&quot;arrow&quot;,&quot;shape_divider_bottom&quot;:&quot;arrow&quot;,&quot;shape_divider_bottom_negative&quot;:&quot;yes&quot;}\">\n\t\t\t\t\t<div class=\"e-con-inner\">\n\t\t\t\t<div class=\"elementor-shape elementor-shape-top\" aria-hidden=\"true\" data-negative=\"false\">\n\t\t\t<svg xmlns=\"http:\/\/www.w3.org\/2000\/svg\" viewBox=\"0 0 700 10\" preserveAspectRatio=\"none\">\n\t<path class=\"elementor-shape-fill\" d=\"M350,10L340,0h20L350,10z\"\/>\n<\/svg>\t\t<\/div>\n\t\t\t\t<div class=\"elementor-shape elementor-shape-bottom\" aria-hidden=\"true\" data-negative=\"true\">\n\t\t\t<svg xmlns=\"http:\/\/www.w3.org\/2000\/svg\" viewBox=\"0 0 700 10\" preserveAspectRatio=\"none\">\n\t<path class=\"elementor-shape-fill\" d=\"M360 0L350 9.9 340 0 0 0 0 10 700 10 700 0\"\/>\n<\/svg>\t\t<\/div>\n\t\t<div class=\"elementor-element elementor-element-507a861 e-con-full e-flex e-con e-child\" data-id=\"507a861\" data-element_type=\"container\" data-e-type=\"container\" data-settings=\"{&quot;background_background&quot;:&quot;classic&quot;}\">\n\t\t<div class=\"elementor-element elementor-element-6f15ff8 e-con-full e-flex e-con e-child\" data-id=\"6f15ff8\" data-element_type=\"container\" data-e-type=\"container\">\n\t\t<div class=\"elementor-element elementor-element-90cafb5 e-con-full e-flex e-con e-child\" data-id=\"90cafb5\" data-element_type=\"container\" data-e-type=\"container\">\n\t\t\t\t<div class=\"elementor-element elementor-element-915c96d elementor-view-stacked elementor-position-inline-start elementor-shape-circle elementor-mobile-position-block-start elementor-widget elementor-widget-icon-box\" data-id=\"915c96d\" data-element_type=\"widget\" data-e-type=\"widget\" data-widget_type=\"icon-box.default\">\n\t\t\t\t<div class=\"elementor-widget-container\">\n\t\t\t\t\t\t\t<div class=\"elementor-icon-box-wrapper\">\n\n\t\t\t\t\t\t<div class=\"elementor-icon-box-icon\">\n\t\t\t\t<a href=\"https:\/\/cos.uek.krakow.pl\/biuro-stypendiow-i-ubezpieczen-zdrowotnych\/stypendium-socjalne\/\" class=\"elementor-icon\" tabindex=\"-1\" aria-label=\"Stypendium socjalne\">\n\t\t\t\t<i aria-hidden=\"true\" class=\"fas fa-hands-helping\"><\/i>\t\t\t\t<\/a>\n\t\t\t<\/div>\n\t\t\t\n\t\t\t\t\t\t<div class=\"elementor-icon-box-content\">\n\n\t\t\t\t\t\t\t\t\t<h4 class=\"elementor-icon-box-title\">\n\t\t\t\t\t\t<a href=\"https:\/\/cos.uek.krakow.pl\/biuro-stypendiow-i-ubezpieczen-zdrowotnych\/stypendium-socjalne\/\" >\n\t\t\t\t\t\t\tStypendium socjalne\t\t\t\t\t\t<\/a>\n\t\t\t\t\t<\/h4>\n\t\t\t\t\n\t\t\t\t\t\t\t\t\t<p class=\"elementor-icon-box-description\">\n\t\t\t\t\t\tDla student\u00f3w w trudnej sytuacji materialnej.\t\t\t\t\t<\/p>\n\t\t\t\t\n\t\t\t<\/div>\n\t\t\t\n\t\t<\/div>\n\t\t\t\t\t\t<\/div>\n\t\t\t\t<\/div>\n\t\t\t\t<\/div>\n\t\t<div class=\"elementor-element elementor-element-9fed485 e-con-full e-flex e-con e-child\" data-id=\"9fed485\" data-element_type=\"container\" data-e-type=\"container\">\n\t\t\t\t<div class=\"elementor-element elementor-element-043f187 elementor-view-stacked elementor-position-inline-start elementor-shape-circle elementor-mobile-position-block-start elementor-widget elementor-widget-icon-box\" data-id=\"043f187\" data-element_type=\"widget\" data-e-type=\"widget\" data-widget_type=\"icon-box.default\">\n\t\t\t\t<div class=\"elementor-widget-container\">\n\t\t\t\t\t\t\t<div class=\"elementor-icon-box-wrapper\">\n\n\t\t\t\t\t\t<div class=\"elementor-icon-box-icon\">\n\t\t\t\t<a href=\"https:\/\/cos.uek.krakow.pl\/biuro-stypendiow-i-ubezpieczen-zdrowotnych\/stypendium-dla-osob-niepelnosprawnych\/\" class=\"elementor-icon\" tabindex=\"-1\" aria-label=\"Stypendium dla os\u00f3b niepe\u0142nosprawnych\">\n\t\t\t\t<i aria-hidden=\"true\" class=\"fas fa-wheelchair\"><\/i>\t\t\t\t<\/a>\n\t\t\t<\/div>\n\t\t\t\n\t\t\t\t\t\t<div class=\"elementor-icon-box-content\">\n\n\t\t\t\t\t\t\t\t\t<h4 class=\"elementor-icon-box-title\">\n\t\t\t\t\t\t<a href=\"https:\/\/cos.uek.krakow.pl\/biuro-stypendiow-i-ubezpieczen-zdrowotnych\/stypendium-dla-osob-niepelnosprawnych\/\" >\n\t\t\t\t\t\t\tStypendium dla os\u00f3b niepe\u0142nosprawnych\t\t\t\t\t\t<\/a>\n\t\t\t\t\t<\/h4>\n\t\t\t\t\n\t\t\t\t\n\t\t\t<\/div>\n\t\t\t\n\t\t<\/div>\n\t\t\t\t\t\t<\/div>\n\t\t\t\t<\/div>\n\t\t\t\t<\/div>\n\t\t<div class=\"elementor-element elementor-element-c866b2c e-con-full e-flex e-con e-child\" data-id=\"c866b2c\" data-element_type=\"container\" data-e-type=\"container\">\n\t\t\t\t<div class=\"elementor-element elementor-element-e77cdf0 elementor-view-stacked elementor-position-inline-start elementor-shape-circle elementor-mobile-position-block-start elementor-widget elementor-widget-icon-box\" data-id=\"e77cdf0\" data-element_type=\"widget\" data-e-type=\"widget\" data-widget_type=\"icon-box.default\">\n\t\t\t\t<div class=\"elementor-widget-container\">\n\t\t\t\t\t\t\t<div class=\"elementor-icon-box-wrapper\">\n\n\t\t\t\t\t\t<div class=\"elementor-icon-box-icon\">\n\t\t\t\t<a href=\"https:\/\/cos.uek.krakow.pl\/biuro-stypendiow-i-ubezpieczen-zdrowotnych\/stypendium-rektora\/\" class=\"elementor-icon\" tabindex=\"-1\" aria-label=\"Stypendium&lt;br&gt; Rektora\">\n\t\t\t\t<i aria-hidden=\"true\" class=\"fas fa-user-graduate\"><\/i>\t\t\t\t<\/a>\n\t\t\t<\/div>\n\t\t\t\n\t\t\t\t\t\t<div class=\"elementor-icon-box-content\">\n\n\t\t\t\t\t\t\t\t\t<h4 class=\"elementor-icon-box-title\">\n\t\t\t\t\t\t<a href=\"https:\/\/cos.uek.krakow.pl\/biuro-stypendiow-i-ubezpieczen-zdrowotnych\/stypendium-rektora\/\" >\n\t\t\t\t\t\t\tStypendium<br> Rektora\t\t\t\t\t\t<\/a>\n\t\t\t\t\t<\/h4>\n\t\t\t\t\n\t\t\t\t\n\t\t\t<\/div>\n\t\t\t\n\t\t<\/div>\n\t\t\t\t\t\t<\/div>\n\t\t\t\t<\/div>\n\t\t\t\t<\/div>\n\t\t\t\t<\/div>\n\t\t<div class=\"elementor-element elementor-element-dbfbbc6 e-con-full e-flex e-con e-child\" data-id=\"dbfbbc6\" data-element_type=\"container\" data-e-type=\"container\">\n\t\t<div class=\"elementor-element elementor-element-fbafb45 e-con-full e-flex e-con e-child\" data-id=\"fbafb45\" data-element_type=\"container\" data-e-type=\"container\">\n\t\t\t\t<div class=\"elementor-element elementor-element-4b8790d elementor-view-stacked elementor-position-inline-start elementor-shape-circle elementor-mobile-position-block-start elementor-widget elementor-widget-icon-box\" data-id=\"4b8790d\" data-element_type=\"widget\" data-e-type=\"widget\" data-widget_type=\"icon-box.default\">\n\t\t\t\t<div class=\"elementor-widget-container\">\n\t\t\t\t\t\t\t<div class=\"elementor-icon-box-wrapper\">\n\n\t\t\t\t\t\t<div class=\"elementor-icon-box-icon\">\n\t\t\t\t<a href=\"https:\/\/cos.uek.krakow.pl\/biuro-stypendiow-i-ubezpieczen-zdrowotnych\/stypendium-ministra\/\" class=\"elementor-icon\" tabindex=\"-1\" aria-label=\"Stypendium Ministra\">\n\t\t\t\t<i aria-hidden=\"true\" class=\"fas fa-landmark\"><\/i>\t\t\t\t<\/a>\n\t\t\t<\/div>\n\t\t\t\n\t\t\t\t\t\t<div class=\"elementor-icon-box-content\">\n\n\t\t\t\t\t\t\t\t\t<h4 class=\"elementor-icon-box-title\">\n\t\t\t\t\t\t<a href=\"https:\/\/cos.uek.krakow.pl\/biuro-stypendiow-i-ubezpieczen-zdrowotnych\/stypendium-ministra\/\" >\n\t\t\t\t\t\t\tStypendium Ministra\t\t\t\t\t\t<\/a>\n\t\t\t\t\t<\/h4>\n\t\t\t\t\n\t\t\t\t\t\t\t\t\t<p class=\"elementor-icon-box-description\">\n\t\t\t\t\t\tZa znacz\u0105ce osi\u0105gni\u0119cia naukowe lub sportowe\t\t\t\t\t<\/p>\n\t\t\t\t\n\t\t\t<\/div>\n\t\t\t\n\t\t<\/div>\n\t\t\t\t\t\t<\/div>\n\t\t\t\t<\/div>\n\t\t\t\t<\/div>\n\t\t<div class=\"elementor-element elementor-element-c14651d e-con-full e-flex e-con e-child\" data-id=\"c14651d\" data-element_type=\"container\" data-e-type=\"container\">\n\t\t\t\t<div class=\"elementor-element elementor-element-7e6a91b elementor-view-stacked elementor-position-inline-start elementor-shape-circle elementor-mobile-position-block-start elementor-widget elementor-widget-icon-box\" data-id=\"7e6a91b\" data-element_type=\"widget\" data-e-type=\"widget\" data-widget_type=\"icon-box.default\">\n\t\t\t\t<div class=\"elementor-widget-container\">\n\t\t\t\t\t\t\t<div class=\"elementor-icon-box-wrapper\">\n\n\t\t\t\t\t\t<div class=\"elementor-icon-box-icon\">\n\t\t\t\t<a href=\"https:\/\/cos.uek.krakow.pl\/biuro-stypendiow-i-ubezpieczen-zdrowotnych\/zapomoga\/\" class=\"elementor-icon\" tabindex=\"-1\" aria-label=\"Zapomoga\">\n\t\t\t\t<i aria-hidden=\"true\" class=\"fas fa-hand-holding-heart\"><\/i>\t\t\t\t<\/a>\n\t\t\t<\/div>\n\t\t\t\n\t\t\t\t\t\t<div class=\"elementor-icon-box-content\">\n\n\t\t\t\t\t\t\t\t\t<h4 class=\"elementor-icon-box-title\">\n\t\t\t\t\t\t<a href=\"https:\/\/cos.uek.krakow.pl\/biuro-stypendiow-i-ubezpieczen-zdrowotnych\/zapomoga\/\" >\n\t\t\t\t\t\t\tZapomoga\t\t\t\t\t\t<\/a>\n\t\t\t\t\t<\/h4>\n\t\t\t\t\n\t\t\t\t\t\t\t\t\t<p class=\"elementor-icon-box-description\">\n\t\t\t\t\t\tDla studenta w trudnej sytuacji \u017cyciowej\t\t\t\t\t<\/p>\n\t\t\t\t\n\t\t\t<\/div>\n\t\t\t\n\t\t<\/div>\n\t\t\t\t\t\t<\/div>\n\t\t\t\t<\/div>\n\t\t\t\t<\/div>\n\t\t<div class=\"elementor-element elementor-element-aca2a9a e-con-full e-flex e-con e-child\" data-id=\"aca2a9a\" data-element_type=\"container\" data-e-type=\"container\">\n\t\t\t\t<div class=\"elementor-element elementor-element-4021abd elementor-view-stacked elementor-position-inline-start elementor-shape-circle elementor-mobile-position-block-start elementor-widget elementor-widget-icon-box\" data-id=\"4021abd\" data-element_type=\"widget\" data-e-type=\"widget\" data-widget_type=\"icon-box.default\">\n\t\t\t\t<div class=\"elementor-widget-container\">\n\t\t\t\t\t\t\t<div class=\"elementor-icon-box-wrapper\">\n\n\t\t\t\t\t\t<div class=\"elementor-icon-box-icon\">\n\t\t\t\t<a href=\"https:\/\/cos.uek.krakow.pl\/biuro-stypendiow-i-ubezpieczen-zdrowotnych\/ubezpieczenia-zdrowotne\/\" class=\"elementor-icon\" tabindex=\"-1\" aria-label=\"Ubezpieczenia zdrowotne\">\n\t\t\t\t<i aria-hidden=\"true\" class=\"fas fa-street-view\"><\/i>\t\t\t\t<\/a>\n\t\t\t<\/div>\n\t\t\t\n\t\t\t\t\t\t<div class=\"elementor-icon-box-content\">\n\n\t\t\t\t\t\t\t\t\t<h4 class=\"elementor-icon-box-title\">\n\t\t\t\t\t\t<a href=\"https:\/\/cos.uek.krakow.pl\/biuro-stypendiow-i-ubezpieczen-zdrowotnych\/ubezpieczenia-zdrowotne\/\" >\n\t\t\t\t\t\t\tUbezpieczenia zdrowotne\t\t\t\t\t\t<\/a>\n\t\t\t\t\t<\/h4>\n\t\t\t\t\n\t\t\t\t\n\t\t\t<\/div>\n\t\t\t\n\t\t<\/div>\n\t\t\t\t\t\t<\/div>\n\t\t\t\t<\/div>\n\t\t\t\t<\/div>\n\t\t\t\t<\/div>\n\t\t\t\t<\/div>\n\t\t\t\t\t<\/div>\n\t\t\t\t<\/div>\n\t\t<div class=\"elementor-element elementor-element-033fa46 e-flex e-con-boxed e-con e-parent\" data-id=\"033fa46\" data-element_type=\"container\" data-e-type=\"container\">\n\t\t\t\t\t<div class=\"e-con-inner\">\n\t\t<div class=\"elementor-element elementor-element-f8d1151 e-con-full e-flex e-con e-child\" data-id=\"f8d1151\" data-element_type=\"container\" data-e-type=\"container\">\n\t\t\t\t<div class=\"elementor-element elementor-element-4d9edf6 elementor-view-stacked elementor-shape-circle elementor-position-block-start elementor-mobile-position-block-start elementor-widget elementor-widget-icon-box\" data-id=\"4d9edf6\" data-element_type=\"widget\" data-e-type=\"widget\" data-widget_type=\"icon-box.default\">\n\t\t\t\t<div class=\"elementor-widget-container\">\n\t\t\t\t\t\t\t<div class=\"elementor-icon-box-wrapper\">\n\n\t\t\t\t\t\t<div class=\"elementor-icon-box-icon\">\n\t\t\t\t<a href=\"https:\/\/cos.uek.krakow.pl\/biuro-stypendiow-i-ubezpieczen-zdrowotnych\/wp-content\/uploads\/sites\/2\/2025\/01\/Lista-pracownikow-2024_25.pdf\" class=\"elementor-icon\" tabindex=\"-1\" aria-label=\" Kontakt \u2013 Pomoc materialna\t\">\n\t\t\t\t<i aria-hidden=\"true\" class=\"far fa-address-book\"><\/i>\t\t\t\t<\/a>\n\t\t\t<\/div>\n\t\t\t\n\t\t\t\t\t\t<div class=\"elementor-icon-box-content\">\n\n\t\t\t\t\t\t\t\t\t<h4 class=\"elementor-icon-box-title\">\n\t\t\t\t\t\t<a href=\"https:\/\/cos.uek.krakow.pl\/biuro-stypendiow-i-ubezpieczen-zdrowotnych\/wp-content\/uploads\/sites\/2\/2025\/01\/Lista-pracownikow-2024_25.pdf\" >\n\t\t\t\t\t\t\t Kontakt \u2013 Pomoc materialna\t\t\t\t\t\t\t<\/a>\n\t\t\t\t\t<\/h4>\n\t\t\t\t\n\t\t\t\t\t\t\t\t\t<p class=\"elementor-icon-box-description\">\n\t\t\t\t\t\tBiuro Stypendi\u00f3w i&nbsp;Ubezpiecze\u0144 Zdrowotnych\t\t\t\t\t<\/p>\n\t\t\t\t\n\t\t\t<\/div>\n\t\t\t\n\t\t<\/div>\n\t\t\t\t\t\t<\/div>\n\t\t\t\t<\/div>\n\t\t\t\t<\/div>\n\t\t\t\t\t<\/div>\n\t\t\t\t<\/div>\n\t\t<div class=\"elementor-element elementor-element-d7ed992 e-flex e-con-boxed e-con e-parent\" data-id=\"d7ed992\" data-element_type=\"container\" data-e-type=\"container\">\n\t\t\t\t\t<div class=\"e-con-inner\">\n\t\t\t\t<div class=\"elementor-element elementor-element-4fcb29c elementor-widget-divider--view-line elementor-widget elementor-widget-divider\" data-id=\"4fcb29c\" data-element_type=\"widget\" data-e-type=\"widget\" data-widget_type=\"divider.default\">\n\t\t\t\t<div class=\"elementor-widget-container\">\n\t\t\t\t\t\t\t<div class=\"elementor-divider\">\n\t\t\t<span class=\"elementor-divider-separator\">\n\t\t\t\t\t\t<\/span>\n\t\t<\/div>\n\t\t\t\t\t\t<\/div>\n\t\t\t\t<\/div>\n\t\t\t\t\t<\/div>\n\t\t\t\t<\/div>\n\t\t\t\t<\/div>\n\t\t","protected":false},"excerpt":{"rendered":"<p>Komunikaty Wi\u0119cej komunikat\u00f3w STYPENDIUM\u00a0 REKTORA\u00a0 2024\/2025 &#8211; Ranking Ostateczny 2024-12-05 Czytaj wi\u0119cej \u2013&gt; STYPENDIUM REKTORA 2024\/2025 &#8211; RANKING WST\u0118PNY 2024-11-07 Czytaj wi\u0119cej \u2013&gt; Wi\u0119cej aktualno\u015bci Stypendium socjalne Dla student\u00f3w w trudnej sytuacji materialnej. Stypendium dla os\u00f3b niepe\u0142nosprawnych Stypendium Rektora Stypendium Ministra Za znacz\u0105ce osi\u0105gni\u0119cia naukowe lub sportowe Zapomoga Dla studenta w trudnej sytuacji \u017cyciowej Ubezpieczenia zdrowotne Kontakt \u2013 Pomoc materialna Biuro Stypendi\u00f3w i&nbsp;Ubezpiecze\u0144 Zdrowotnych<\/p>\n","protected":false},"author":5,"featured_media":0,"parent":0,"menu_order":0,"comment_status":"closed","ping_status":"closed","template":"elementor_header_footer","meta":{"footnotes":""},"class_list":["post-3041","page","type-page","status-publish","hentry"],"_links":{"self":[{"href":"https:\/\/cos.uek.krakow.pl\/biuro-stypendiow-i-ubezpieczen-zdrowotnych\/wp-json\/wp\/v2\/pages\/3041","targetHints":{"allow":["GET"]}}],"collection":[{"href":"https:\/\/cos.uek.krakow.pl\/biuro-stypendiow-i-ubezpieczen-zdrowotnych\/wp-json\/wp\/v2\/pages"}],"about":[{"href":"https:\/\/cos.uek.krakow.pl\/biuro-stypendiow-i-ubezpieczen-zdrowotnych\/wp-json\/wp\/v2\/types\/page"}],"author":[{"embeddable":true,"href":"https:\/\/cos.uek.krakow.pl\/biuro-stypendiow-i-ubezpieczen-zdrowotnych\/wp-json\/wp\/v2\/users\/5"}],"replies":[{"embeddable":true,"href":"https:\/\/cos.uek.krakow.pl\/biuro-stypendiow-i-ubezpieczen-zdrowotnych\/wp-json\/wp\/v2\/comments?post=3041"}],"version-history":[{"count":97,"href":"https:\/\/cos.uek.krakow.pl\/biuro-stypendiow-i-ubezpieczen-zdrowotnych\/wp-json\/wp\/v2\/pages\/3041\/revisions"}],"predecessor-version":[{"id":3681,"href":"https:\/\/cos.uek.krakow.pl\/biuro-stypendiow-i-ubezpieczen-zdrowotnych\/wp-json\/wp\/v2\/pages\/3041\/revisions\/3681"}],"wp:attachment":[{"href":"https:\/\/cos.uek.krakow.pl\/biuro-stypendiow-i-ubezpieczen-zdrowotnych\/wp-json\/wp\/v2\/media?parent=3041"}],"curies":[{"name":"wp","href":"https:\/\/api.w.org\/{rel}","templated":true}]}}