{"id":3049,"date":"2024-02-07T10:40:09","date_gmt":"2024-02-07T09:40:09","guid":{"rendered":"https:\/\/cos.uek.krakow.pl\/biuro-stypendiow-i-ubezpieczen-zdrowotnych\/?page_id=3049"},"modified":"2025-09-17T14:34:26","modified_gmt":"2025-09-17T12:34:26","slug":"stypendium-socjalne","status":"publish","type":"page","link":"https:\/\/cos.uek.krakow.pl\/biuro-stypendiow-i-ubezpieczen-zdrowotnych\/stypendium-socjalne\/","title":{"rendered":"Stypendium socjalne"},"content":{"rendered":"\t\t<div data-elementor-type=\"wp-page\" data-elementor-id=\"3049\" class=\"elementor elementor-3049\" data-elementor-post-type=\"page\">\n\t\t\t\t<div class=\"elementor-element elementor-element-753cbf7 e-flex e-con-boxed e-con e-parent\" data-id=\"753cbf7\" data-element_type=\"container\" data-e-type=\"container\">\n\t\t\t\t\t<div class=\"e-con-inner\">\n\t\t<div class=\"elementor-element elementor-element-d266df0 e-con-full e-flex e-con e-child\" data-id=\"d266df0\" data-element_type=\"container\" data-e-type=\"container\">\n\t\t\t\t<div class=\"elementor-element elementor-element-dcdc12f elementor-widget elementor-widget-text-editor\" data-id=\"dcdc12f\" data-element_type=\"widget\" data-e-type=\"widget\" data-widget_type=\"text-editor.default\">\n\t\t\t\t<div class=\"elementor-widget-container\">\n\t\t\t\t\t\t\t\t\t<p><strong>Stypendium socjalne<\/strong> w roku akademickim 2025\/26 mo\u017ce otrzyma\u0107 student znajduj\u0105cy si\u0119 w trudnej sytuacji materialnej, kt\u00f3rego <strong>miesi\u0119czny doch\u00f3d na osob\u0119 w rodzinie nie przekracza kwoty 1.908,90 z\u0142 netto<\/strong>.<\/p><p><strong>Student o dochodzie na osob\u0119 w rodzinie powy\u017cej 1.908,90 z\u0142 nie mo\u017ce otrzyma\u0107 stypendium socjalnego<\/strong>. Jest to ustawowa maksymalna wysoko\u015b\u0107 i nawet w szczeg\u00f3lnych przypadkach uczelnia nie mo\u017ce przyzna\u0107 stypendium socjalnego przy wy\u017cszym dochodzie na osob\u0119 w rodzinie studenta.<\/p>\t\t\t\t\t\t\t\t<\/div>\n\t\t\t\t<\/div>\n\t\t\t\t<div class=\"elementor-element elementor-element-53a932b elementor-widget elementor-widget-accordion\" data-id=\"53a932b\" data-element_type=\"widget\" data-e-type=\"widget\" data-widget_type=\"accordion.default\">\n\t\t\t\t<div class=\"elementor-widget-container\">\n\t\t\t\t\t\t\t<div class=\"elementor-accordion\">\n\t\t\t\t\t\t\t<div class=\"elementor-accordion-item\">\n\t\t\t\t\t<div id=\"elementor-tab-title-8771\" class=\"elementor-tab-title\" data-tab=\"1\" role=\"button\" aria-controls=\"elementor-tab-content-8771\" aria-expanded=\"false\">\n\t\t\t\t\t\t\t\t\t\t\t\t\t<span class=\"elementor-accordion-icon elementor-accordion-icon-left\" aria-hidden=\"true\">\n\t\t\t\t\t\t\t\t\t\t\t\t\t\t\t<span class=\"elementor-accordion-icon-closed\"><i class=\"fas fa-plus\"><\/i><\/span>\n\t\t\t\t\t\t\t\t<span class=\"elementor-accordion-icon-opened\"><i class=\"fas fa-minus\"><\/i><\/span>\n\t\t\t\t\t\t\t\t\t\t\t\t\t\t<\/span>\n\t\t\t\t\t\t\t\t\t\t\t\t<a class=\"elementor-accordion-title\" tabindex=\"0\">TERMIN SK\u0141ADANIA WNIOSKU<\/a>\n\t\t\t\t\t<\/div>\n\t\t\t\t\t<div id=\"elementor-tab-content-8771\" class=\"elementor-tab-content elementor-clearfix\" data-tab=\"1\" role=\"region\" aria-labelledby=\"elementor-tab-title-8771\"><p><a href=\"https:\/\/bip.uek.krakow.pl\/attachments\/7863\/download\">TERMIN<br \/>REJESTRACJI I DOSTARCZENIA WNIOSK\u00d3W<\/a><\/p><\/div>\n\t\t\t\t<\/div>\n\t\t\t\t\t\t\t<div class=\"elementor-accordion-item\">\n\t\t\t\t\t<div id=\"elementor-tab-title-8772\" class=\"elementor-tab-title\" data-tab=\"2\" role=\"button\" aria-controls=\"elementor-tab-content-8772\" aria-expanded=\"false\">\n\t\t\t\t\t\t\t\t\t\t\t\t\t<span class=\"elementor-accordion-icon elementor-accordion-icon-left\" aria-hidden=\"true\">\n\t\t\t\t\t\t\t\t\t\t\t\t\t\t\t<span class=\"elementor-accordion-icon-closed\"><i class=\"fas fa-plus\"><\/i><\/span>\n\t\t\t\t\t\t\t\t<span class=\"elementor-accordion-icon-opened\"><i class=\"fas fa-minus\"><\/i><\/span>\n\t\t\t\t\t\t\t\t\t\t\t\t\t\t<\/span>\n\t\t\t\t\t\t\t\t\t\t\t\t<a class=\"elementor-accordion-title\" tabindex=\"0\">SPOS\u00d3B SK\u0141ADANIA WNIOSKU<\/a>\n\t\t\t\t\t<\/div>\n\t\t\t\t\t<div id=\"elementor-tab-content-8772\" class=\"elementor-tab-content elementor-clearfix\" data-tab=\"2\" role=\"region\" aria-labelledby=\"elementor-tab-title-8772\"><p>Sk\u0142adanie wniosk\u00f3w\u00a0 odbywa si\u0119 w dw\u00f3ch etapach:<\/p><h4><strong>Etap I<\/strong><strong>\u00a0\u00a0<\/strong><\/h4><p>elektroniczna rejestracja wniosk\u00f3w o stypendia\u00a0w systemie\u00a0<a href=\"https:\/\/usosweb.uek.krakow.pl\/\"><strong>USOSweb<\/strong><\/a><\/p><p>zak\u0142adka<em>\u00a0Dla wszystkich\/Wnioski<\/em><\/p><p><strong>\u00a0<\/strong><\/p><h4><strong>Etap II<\/strong><\/h4><p>dostarczenie do weryfikacji do Biura Stypendi\u00f3w i Ubezpiecze\u0144 Zdrowotnych\u00a0 podpisanych wydruk\u00f3w<br \/>z USOS wraz z za\u0142\u0105cznikami.<\/p><\/div>\n\t\t\t\t<\/div>\n\t\t\t\t\t\t\t<div class=\"elementor-accordion-item\">\n\t\t\t\t\t<div id=\"elementor-tab-title-8773\" class=\"elementor-tab-title\" data-tab=\"3\" role=\"button\" aria-controls=\"elementor-tab-content-8773\" aria-expanded=\"false\">\n\t\t\t\t\t\t\t\t\t\t\t\t\t<span class=\"elementor-accordion-icon elementor-accordion-icon-left\" aria-hidden=\"true\">\n\t\t\t\t\t\t\t\t\t\t\t\t\t\t\t<span class=\"elementor-accordion-icon-closed\"><i class=\"fas fa-plus\"><\/i><\/span>\n\t\t\t\t\t\t\t\t<span class=\"elementor-accordion-icon-opened\"><i class=\"fas fa-minus\"><\/i><\/span>\n\t\t\t\t\t\t\t\t\t\t\t\t\t\t<\/span>\n\t\t\t\t\t\t\t\t\t\t\t\t<a class=\"elementor-accordion-title\" tabindex=\"0\">ODBI\u00d3R DECYZJI<\/a>\n\t\t\t\t\t<\/div>\n\t\t\t\t\t<div id=\"elementor-tab-content-8773\" class=\"elementor-tab-content elementor-clearfix\" data-tab=\"3\" role=\"region\" aria-labelledby=\"elementor-tab-title-8773\"><p>Odbi\u00f3r decyzji w sprawie przyznania \u015bwiadczenia lub odmowy jego przyznania odbywa si\u0119\u00a0<strong><u>drog\u0105 elektroniczn\u0105<\/u><\/strong>.<\/p><p>Informacja o wydaniu decyzji przesy\u0142ana jest drog\u0105 elektroniczn\u0105 na poczt\u0119 studenck\u0105: domena student.<em>uek<\/em>.krakow.pl. Prosimy post\u0119powa\u0107 zgodnie ze wskaz\u00f3wkami zawartymi w wysy\u0142anym mailu.<\/p><p>\u015awiadczenie podlega wyp\u0142acie po odebrania decyzji przez studenta.<\/p><\/div>\n\t\t\t\t<\/div>\n\t\t\t\t\t\t\t<div class=\"elementor-accordion-item\">\n\t\t\t\t\t<div id=\"elementor-tab-title-8774\" class=\"elementor-tab-title\" data-tab=\"4\" role=\"button\" aria-controls=\"elementor-tab-content-8774\" aria-expanded=\"false\">\n\t\t\t\t\t\t\t\t\t\t\t\t\t<span class=\"elementor-accordion-icon elementor-accordion-icon-left\" aria-hidden=\"true\">\n\t\t\t\t\t\t\t\t\t\t\t\t\t\t\t<span class=\"elementor-accordion-icon-closed\"><i class=\"fas fa-plus\"><\/i><\/span>\n\t\t\t\t\t\t\t\t<span class=\"elementor-accordion-icon-opened\"><i class=\"fas fa-minus\"><\/i><\/span>\n\t\t\t\t\t\t\t\t\t\t\t\t\t\t<\/span>\n\t\t\t\t\t\t\t\t\t\t\t\t<a class=\"elementor-accordion-title\" tabindex=\"0\">REGULAMIN<\/a>\n\t\t\t\t\t<\/div>\n\t\t\t\t\t<div id=\"elementor-tab-content-8774\" class=\"elementor-tab-content elementor-clearfix\" data-tab=\"4\" role=\"region\" aria-labelledby=\"elementor-tab-title-8774\"><ul><li><a href=\"https:\/\/cos.uek.krakow.pl\/biuro-stypendiow-i-ubezpieczen-zdrowotnych\/wp-content\/uploads\/sites\/2\/2025\/09\/zal_1_do_R.0211.45.2025_Regulamin.pdf\">Regulamin \u015bwiadcze\u0144 dla student\u00f3w UEK<\/a><\/li><li><a href=\"https:\/\/cos.uek.krakow.pl\/biuro-stypendiow-i-ubezpieczen-zdrowotnych\/wp-content\/uploads\/sites\/2\/2025\/09\/zal_1_do_Regulaminu-swiadczen.pdf\">Za\u0142\u0105cznik nr 1<\/a><\/li><li><a href=\"https:\/\/cos.uek.krakow.pl\/biuro-stypendiow-i-ubezpieczen-zdrowotnych\/wp-content\/uploads\/sites\/2\/2025\/09\/zal_2_do_Regulaminu-swiadczen_wykaz-dokumentow.pdf\">Za\u0142\u0105cznik nr 2<\/a><\/li><li><a href=\"https:\/\/cos.uek.krakow.pl\/biuro-stypendiow-i-ubezpieczen-zdrowotnych\/wp-content\/uploads\/sites\/2\/2025\/09\/zal_3_do_Regulaminu-swiadczen_oswiadczenie-o-dochodach-niepodlegajacych-opodatkowaniu.pdf\">Za\u0142\u0105cznik nr 3<\/a><\/li><li><a href=\"https:\/\/cos.uek.krakow.pl\/wp-content\/uploads\/2024\/07\/Zal.-4_do_Regulaminu-swiadczen.pdf\">Za\u0142\u0105cznik nr 4 obowi\u0105zuj\u0105cy w semestrze zimowym 2025\/2026<\/a><\/li><li><a href=\"https:\/\/cos.uek.krakow.pl\/biuro-stypendiow-i-ubezpieczen-zdrowotnych\/wp-content\/uploads\/sites\/2\/2025\/09\/zal_4_do_Regulaminu-swiadczen_Wykaz-osiagniec.pdf\">Za\u0142\u0105cznik nr 4 obowi\u0105zuj\u0105cy od semestru letniego 2025\/2026<\/a><\/li><li><a href=\"https:\/\/cos.uek.krakow.pl\/biuro-stypendiow-i-ubezpieczen-zdrowotnych\/wp-content\/uploads\/sites\/2\/2025\/09\/zal_4a_do_Regulaminu-swiadczen_zaswiadczenie-o-udziale-w-badaniu-naukowym.pdf\">Za\u0142\u0105cznik nr 4a<\/a><\/li><li><a href=\"https:\/\/cos.uek.krakow.pl\/biuro-stypendiow-i-ubezpieczen-zdrowotnych\/wp-content\/uploads\/sites\/2\/2025\/09\/zal_4b_do_Regulaminu-swiadczen_wzor-zaswiadczenia-o-ukonczeniu-studiow-pierwszego-stopnia.pdf\">Za\u0142\u0105cznik nr 4b<\/a><\/li><li><a href=\"https:\/\/cos.uek.krakow.pl\/biuro-stypendiow-i-ubezpieczen-zdrowotnych\/wp-content\/uploads\/sites\/2\/2025\/09\/zal_5_do_Regulaminu-swiadczen_Zasady-przyznawania-miejsc-w-DS.pdf\">Za\u0142\u0105cznik nr 5<\/a><\/li><li><a href=\"https:\/\/cos.uek.krakow.pl\/biuro-stypendiow-i-ubezpieczen-zdrowotnych\/wp-content\/uploads\/sites\/2\/2025\/09\/zal_6_do_Regulaminu-swiadczen_oswiadczenie-studenta.pdf\">Za\u0142\u0105cznik nr 6<\/a><\/li><\/ul><\/div>\n\t\t\t\t<\/div>\n\t\t\t\t\t\t\t\t<\/div>\n\t\t\t\t\t\t<\/div>\n\t\t\t\t<\/div>\n\t\t\t\t<\/div>\n\t\t\t\t\t<\/div>\n\t\t\t\t<\/div>\n\t\t\t\t<\/div>\n\t\t","protected":false},"excerpt":{"rendered":"<p>Stypendium socjalne w roku akademickim 2025\/26 mo\u017ce otrzyma\u0107 student znajduj\u0105cy si\u0119 w trudnej sytuacji materialnej, kt\u00f3rego miesi\u0119czny doch\u00f3d na osob\u0119 w rodzinie nie przekracza kwoty 1.908,90 z\u0142 netto. Student o dochodzie na osob\u0119 w rodzinie powy\u017cej 1.908,90 z\u0142 nie mo\u017ce otrzyma\u0107 stypendium socjalnego. Jest to ustawowa maksymalna wysoko\u015b\u0107 i nawet w szczeg\u00f3lnych przypadkach uczelnia nie mo\u017ce przyzna\u0107 stypendium socjalnego przy wy\u017cszym dochodzie na osob\u0119 w rodzinie studenta. TERMIN SK\u0141ADANIA WNIOSKU TERMINREJESTRACJI I DOSTARCZENIA WNIOSK\u00d3W SPOS\u00d3B SK\u0141ADANIA WNIOSKU Sk\u0142adanie wniosk\u00f3w\u00a0 odbywa si\u0119 w dw\u00f3ch etapach: Etap I\u00a0\u00a0 elektroniczna rejestracja wniosk\u00f3w o stypendia\u00a0w systemie\u00a0USOSweb zak\u0142adka\u00a0Dla wszystkich\/Wnioski \u00a0 Etap II dostarczenie do weryfikacji do Biura Stypendi\u00f3w i Ubezpiecze\u0144 Zdrowotnych\u00a0 podpisanych wydruk\u00f3wz USOS wraz z za\u0142\u0105cznikami. ODBI\u00d3R DECYZJI Odbi\u00f3r decyzji w sprawie przyznania \u015bwiadczenia lub odmowy jego przyznania odbywa si\u0119\u00a0drog\u0105 elektroniczn\u0105. Informacja o wydaniu decyzji przesy\u0142ana jest drog\u0105 elektroniczn\u0105 na poczt\u0119 studenck\u0105: domena student.uek.krakow.pl. Prosimy post\u0119powa\u0107 zgodnie ze wskaz\u00f3wkami zawartymi w wysy\u0142anym mailu. \u015awiadczenie podlega wyp\u0142acie po odebrania decyzji przez studenta. REGULAMIN Regulamin \u015bwiadcze\u0144 dla student\u00f3w UEK Za\u0142\u0105cznik nr 1 Za\u0142\u0105cznik nr 2 Za\u0142\u0105cznik nr 3 Za\u0142\u0105cznik nr 4 obowi\u0105zuj\u0105cy w semestrze zimowym 2025\/2026 Za\u0142\u0105cznik nr 4 obowi\u0105zuj\u0105cy od semestru letniego 2025\/2026 Za\u0142\u0105cznik nr 4a Za\u0142\u0105cznik nr 4b Za\u0142\u0105cznik nr 5 Za\u0142\u0105cznik nr 6<\/p>\n","protected":false},"author":5,"featured_media":0,"parent":0,"menu_order":0,"comment_status":"closed","ping_status":"closed","template":"","meta":{"footnotes":""},"class_list":["post-3049","page","type-page","status-publish","hentry"],"_links":{"self":[{"href":"https:\/\/cos.uek.krakow.pl\/biuro-stypendiow-i-ubezpieczen-zdrowotnych\/wp-json\/wp\/v2\/pages\/3049","targetHints":{"allow":["GET"]}}],"collection":[{"href":"https:\/\/cos.uek.krakow.pl\/biuro-stypendiow-i-ubezpieczen-zdrowotnych\/wp-json\/wp\/v2\/pages"}],"about":[{"href":"https:\/\/cos.uek.krakow.pl\/biuro-stypendiow-i-ubezpieczen-zdrowotnych\/wp-json\/wp\/v2\/types\/page"}],"author":[{"embeddable":true,"href":"https:\/\/cos.uek.krakow.pl\/biuro-stypendiow-i-ubezpieczen-zdrowotnych\/wp-json\/wp\/v2\/users\/5"}],"replies":[{"embeddable":true,"href":"https:\/\/cos.uek.krakow.pl\/biuro-stypendiow-i-ubezpieczen-zdrowotnych\/wp-json\/wp\/v2\/comments?post=3049"}],"version-history":[{"count":49,"href":"https:\/\/cos.uek.krakow.pl\/biuro-stypendiow-i-ubezpieczen-zdrowotnych\/wp-json\/wp\/v2\/pages\/3049\/revisions"}],"predecessor-version":[{"id":3808,"href":"https:\/\/cos.uek.krakow.pl\/biuro-stypendiow-i-ubezpieczen-zdrowotnych\/wp-json\/wp\/v2\/pages\/3049\/revisions\/3808"}],"wp:attachment":[{"href":"https:\/\/cos.uek.krakow.pl\/biuro-stypendiow-i-ubezpieczen-zdrowotnych\/wp-json\/wp\/v2\/media?parent=3049"}],"curies":[{"name":"wp","href":"https:\/\/api.w.org\/{rel}","templated":true}]}}