{"id":3055,"date":"2024-02-07T10:40:39","date_gmt":"2024-02-07T09:40:39","guid":{"rendered":"https:\/\/cos.uek.krakow.pl\/biuro-stypendiow-i-ubezpieczen-zdrowotnych\/?page_id=3055"},"modified":"2025-09-17T11:07:39","modified_gmt":"2025-09-17T09:07:39","slug":"stypendium-ministra","status":"publish","type":"page","link":"https:\/\/cos.uek.krakow.pl\/biuro-stypendiow-i-ubezpieczen-zdrowotnych\/stypendium-ministra\/","title":{"rendered":"Stypendium Ministra"},"content":{"rendered":"\t\t<div data-elementor-type=\"wp-page\" data-elementor-id=\"3055\" class=\"elementor elementor-3055\" data-elementor-post-type=\"page\">\n\t\t\t\t<div class=\"elementor-element elementor-element-c0eed8d e-flex e-con-boxed e-con e-parent\" data-id=\"c0eed8d\" data-element_type=\"container\" data-e-type=\"container\">\n\t\t\t\t\t<div class=\"e-con-inner\">\n\t\t<div class=\"elementor-element elementor-element-e846793 e-con-full e-flex e-con e-child\" data-id=\"e846793\" data-element_type=\"container\" data-e-type=\"container\">\n\t\t\t\t<div class=\"elementor-element elementor-element-c6605bd elementor-widget elementor-widget-text-editor\" data-id=\"c6605bd\" data-element_type=\"widget\" data-e-type=\"widget\" data-widget_type=\"text-editor.default\">\n\t\t\t\t<div class=\"elementor-widget-container\">\n\t\t\t\t\t\t\t\t\t<p>Stypendium ministra mo\u017ce otrzyma\u0107 student wykazuj\u0105cy si\u0119 znacz\u0105cymi osi\u0105gni\u0119ciami naukowymi lub artystycznymi zwi\u0105zanymi ze studiami, lub znacz\u0105cymi osi\u0105gni\u0119ciami sportowymi. Poni\u017cej publikujemy informacje zwi\u0105zane ze stypendium Ministra Nauki i Szkolnictwa Wy\u017cszego za znacz\u0105ce osi\u0105gni\u0119cia dla student\u00f3w na rok akademicki 2025\/26.<\/p>\t\t\t\t\t\t\t\t<\/div>\n\t\t\t\t<\/div>\n\t\t\t\t<\/div>\n\t\t\t\t\t<\/div>\n\t\t\t\t<\/div>\n\t\t<div class=\"elementor-element elementor-element-771a202 e-flex e-con-boxed e-con e-parent\" data-id=\"771a202\" data-element_type=\"container\" data-e-type=\"container\">\n\t\t\t\t\t<div class=\"e-con-inner\">\n\t\t\t\t<div class=\"elementor-element elementor-element-2575248 elementor-widget elementor-widget-text-editor\" data-id=\"2575248\" data-element_type=\"widget\" data-e-type=\"widget\" data-widget_type=\"text-editor.default\">\n\t\t\t\t<div class=\"elementor-widget-container\">\n\t\t\t\t\t\t\t\t\t<p>Stypendium ministra mo\u017ce otrzyma\u0107 student wykazuj\u0105cy si\u0119 znacz\u0105cymi osi\u0105gni\u0119ciami naukowymi lub artystycznymi zwi\u0105zanymi ze studiami, lub znacz\u0105cymi osi\u0105gni\u0119ciami sportowymi. Poni\u017cej publikujemy informacje zwi\u0105zane ze stypendium Ministra Nauki i Szkolnictwa Wy\u017cszego za znacz\u0105ce osi\u0105gni\u0119cia dla student\u00f3w na rok akademicki 2025\/26.<\/p><ol><li>Stypendium ministra mo\u017ce otrzyma\u0107 student wykazuj\u0105cy si\u0119 znacz\u0105cymi osi\u0105gni\u0119ciami naukowymi lub artystycznymi zwi\u0105zanymi ze studiami lub znacz\u0105cymi osi\u0105gni\u0119ciami sportowymi, wed\u0142ug zasad okre\u015blonych w\u00a0<a href=\"https:\/\/isap.sejm.gov.pl\/isap.nsf\/download.xsp\/WDU20220000428\/O\/D20220428.pdf\"><strong>Rozporz\u0105dzeniu Ministra Nauki i Szkolnictwa Wy\u017cszego z dnia 1 kwietnia 2019 r.<\/strong><\/a><\/li><li>Dok\u0142adne kryteria ubiegania si\u0119 o przyznanie stypendium ministra dla student\u00f3w oraz instrukcje dotycz\u0105ce wype\u0142niania wniosku znajduj\u0105 si\u0119 na stronie internetowej Ministerstwa Nauki i Szkolnictwa Wy\u017cszego.<\/li><li>Wype\u0142niony wniosek wraz z wszystkimi za\u0142\u0105cznikami i o\u015bwiadczeniami nale\u017cy przes\u0142a\u0107 drog\u0105 elektroniczn\u0105 do dnia\u00a0 \u00a0 \u00a0 \u00a0 \u00a0 \u00a0 \u00a0 \u00a0 \u00a0 \u00a0 \u00a0 \u00a0<strong>2 pa\u017adziernika 2025 r.<\/strong>\u00a0na adres:\u00a0<a href=\"mailto:dobrowoi@uek.krakow.pl\"><strong>dobrowoi@uek.krakow.pl<\/strong><\/a>\u00a0lub\u00a0<a href=\"mailto:malczyki@uek.krakow.pl\"><strong>malczyki@uek.krakow.pl<\/strong><\/a><\/li><li><a href=\"https:\/\/www.gov.pl\/web\/nauka\/informacja-na-temat-stypendiow-ministra-nauki-i-szkolnictwa-wyzszego-za-znaczace-osiagniecia-dla-studentow-na-rok-akademicki-20252026-konkurs-sst06\">Informacje o stypendium<\/a><\/li><li><a href=\"https:\/\/www.gov.pl\/attachment\/6f60b6d2-24de-4dfa-9b68-bdbfa86b0a36\">Wymagane dane i za\u0142\u0105czniki<\/a><\/li><li><a href=\"https:\/\/sg-cdn.uek.krakow.pl\/file\/root\/wniosek-o-przyznanie-stypendium.docx\"><strong>Wniosek o przyznanie stypendium<\/strong><\/a><\/li><li><a href=\"https:\/\/sg-cdn.uek.krakow.pl\/file\/root\/oswiadczenie-studenta.docx\"><strong>O\u015bwiadczenie studenta<\/strong><\/a><\/li><li><a href=\"https:\/\/sg-cdn.uek.krakow.pl\/file\/root\/oswiadczenie-monografia.docx\"><strong>O\u015bwiadczenie monografia<\/strong><\/a><em>&#8211;<\/em>\u00a0nale\u017cy wype\u0142ni\u0107, je\u015bli dotyczy<\/li><li><a href=\"https:\/\/sg-cdn.uek.krakow.pl\/file\/root\/oswiadczenie-artyku-naukowy.docx\"><strong>O\u015bwiadczenie artyku\u0142 naukowy<\/strong><\/a>&#8211; nale\u017cy wype\u0142ni\u0107, je\u015bli dotyczy<\/li><li><a href=\"https:\/\/sg-cdn.uek.krakow.pl\/file\/root\/oswiadczenie-projekt-badawczy-a.docx\"><strong>O\u015bwiadczenie projekt badawczy-a<\/strong><\/a>\u00a0&#8211; nale\u017cy wype\u0142ni\u0107, je\u015bli dotyczy<\/li><li><strong><a href=\"https:\/\/sg-cdn.uek.krakow.pl\/file\/root\/oswiadczenie-projekt-badawczy-b.docx\">O\u015bwiadczenie projekt badawczy-b<\/a><\/strong>\u00a0&#8211;\u00a0nale\u017cy wype\u0142ni\u0107, je\u015bli dotyczy<\/li><li><a href=\"https:\/\/sg-cdn.uek.krakow.pl\/file\/root\/oswiadczenie-referat-naukowy.docx\"><strong>O\u015bwiadczenie referat naukowy<\/strong><\/a>\u00a0&#8211; nale\u017cy wype\u0142ni\u0107, je\u015bli dotyczy<\/li><li><a href=\"https:\/\/sg-cdn.uek.krakow.pl\/file\/root\/oswiadczenie-konkurs.docx\"><strong>O\u015bwiadczenie konkurs<\/strong><\/a>\u00a0&#8211;\u00a0nale\u017cy wype\u0142ni\u0107, je\u015bli dotyczy<\/li><\/ol>\t\t\t\t\t\t\t\t<\/div>\n\t\t\t\t<\/div>\n\t\t\t\t\t<\/div>\n\t\t\t\t<\/div>\n\t\t\t\t<\/div>\n\t\t","protected":false},"excerpt":{"rendered":"<p>Stypendium ministra mo\u017ce otrzyma\u0107 student wykazuj\u0105cy si\u0119 znacz\u0105cymi osi\u0105gni\u0119ciami naukowymi lub artystycznymi zwi\u0105zanymi ze studiami, lub znacz\u0105cymi osi\u0105gni\u0119ciami sportowymi. Poni\u017cej publikujemy informacje zwi\u0105zane ze stypendium Ministra Nauki i Szkolnictwa Wy\u017cszego za znacz\u0105ce osi\u0105gni\u0119cia dla student\u00f3w na rok akademicki 2025\/26. Stypendium ministra mo\u017ce otrzyma\u0107 student wykazuj\u0105cy si\u0119 znacz\u0105cymi osi\u0105gni\u0119ciami naukowymi lub artystycznymi zwi\u0105zanymi ze studiami, lub znacz\u0105cymi osi\u0105gni\u0119ciami sportowymi. Poni\u017cej publikujemy informacje zwi\u0105zane ze stypendium Ministra Nauki i Szkolnictwa Wy\u017cszego za znacz\u0105ce osi\u0105gni\u0119cia dla student\u00f3w na rok akademicki 2025\/26. Stypendium ministra mo\u017ce otrzyma\u0107 student wykazuj\u0105cy si\u0119 znacz\u0105cymi osi\u0105gni\u0119ciami naukowymi lub artystycznymi zwi\u0105zanymi ze studiami lub znacz\u0105cymi osi\u0105gni\u0119ciami sportowymi, wed\u0142ug zasad okre\u015blonych w\u00a0Rozporz\u0105dzeniu Ministra Nauki i Szkolnictwa Wy\u017cszego z dnia 1 kwietnia 2019 r. Dok\u0142adne kryteria ubiegania si\u0119 o przyznanie stypendium ministra dla student\u00f3w oraz instrukcje dotycz\u0105ce wype\u0142niania wniosku znajduj\u0105 si\u0119 na stronie internetowej Ministerstwa Nauki i Szkolnictwa Wy\u017cszego. Wype\u0142niony wniosek wraz z wszystkimi za\u0142\u0105cznikami i o\u015bwiadczeniami nale\u017cy przes\u0142a\u0107 drog\u0105 elektroniczn\u0105 do dnia\u00a0 \u00a0 \u00a0 \u00a0 \u00a0 \u00a0 \u00a0 \u00a0 \u00a0 \u00a0 \u00a0 \u00a02 pa\u017adziernika 2025 r.\u00a0na adres:\u00a0dobrowoi@uek.krakow.pl\u00a0lub\u00a0malczyki@uek.krakow.pl Informacje o stypendium Wymagane dane i za\u0142\u0105czniki Wniosek o przyznanie stypendium O\u015bwiadczenie studenta O\u015bwiadczenie monografia&#8211;\u00a0nale\u017cy wype\u0142ni\u0107, je\u015bli dotyczy O\u015bwiadczenie artyku\u0142 naukowy&#8211; nale\u017cy wype\u0142ni\u0107, je\u015bli dotyczy O\u015bwiadczenie projekt badawczy-a\u00a0&#8211; nale\u017cy wype\u0142ni\u0107, je\u015bli dotyczy O\u015bwiadczenie projekt badawczy-b\u00a0&#8211;\u00a0nale\u017cy wype\u0142ni\u0107, je\u015bli dotyczy O\u015bwiadczenie referat naukowy\u00a0&#8211; nale\u017cy wype\u0142ni\u0107, je\u015bli dotyczy O\u015bwiadczenie konkurs\u00a0&#8211;\u00a0nale\u017cy wype\u0142ni\u0107, je\u015bli dotyczy<\/p>\n","protected":false},"author":5,"featured_media":0,"parent":0,"menu_order":0,"comment_status":"closed","ping_status":"closed","template":"","meta":{"footnotes":""},"class_list":["post-3055","page","type-page","status-publish","hentry"],"_links":{"self":[{"href":"https:\/\/cos.uek.krakow.pl\/biuro-stypendiow-i-ubezpieczen-zdrowotnych\/wp-json\/wp\/v2\/pages\/3055","targetHints":{"allow":["GET"]}}],"collection":[{"href":"https:\/\/cos.uek.krakow.pl\/biuro-stypendiow-i-ubezpieczen-zdrowotnych\/wp-json\/wp\/v2\/pages"}],"about":[{"href":"https:\/\/cos.uek.krakow.pl\/biuro-stypendiow-i-ubezpieczen-zdrowotnych\/wp-json\/wp\/v2\/types\/page"}],"author":[{"embeddable":true,"href":"https:\/\/cos.uek.krakow.pl\/biuro-stypendiow-i-ubezpieczen-zdrowotnych\/wp-json\/wp\/v2\/users\/5"}],"replies":[{"embeddable":true,"href":"https:\/\/cos.uek.krakow.pl\/biuro-stypendiow-i-ubezpieczen-zdrowotnych\/wp-json\/wp\/v2\/comments?post=3055"}],"version-history":[{"count":25,"href":"https:\/\/cos.uek.krakow.pl\/biuro-stypendiow-i-ubezpieczen-zdrowotnych\/wp-json\/wp\/v2\/pages\/3055\/revisions"}],"predecessor-version":[{"id":3786,"href":"https:\/\/cos.uek.krakow.pl\/biuro-stypendiow-i-ubezpieczen-zdrowotnych\/wp-json\/wp\/v2\/pages\/3055\/revisions\/3786"}],"wp:attachment":[{"href":"https:\/\/cos.uek.krakow.pl\/biuro-stypendiow-i-ubezpieczen-zdrowotnych\/wp-json\/wp\/v2\/media?parent=3055"}],"curies":[{"name":"wp","href":"https:\/\/api.w.org\/{rel}","templated":true}]}}