{"id":3058,"date":"2024-02-07T10:40:58","date_gmt":"2024-02-07T09:40:58","guid":{"rendered":"https:\/\/cos.uek.krakow.pl\/biuro-stypendiow-i-ubezpieczen-zdrowotnych\/?page_id=3058"},"modified":"2025-09-17T14:34:01","modified_gmt":"2025-09-17T12:34:01","slug":"zapomoga","status":"publish","type":"page","link":"https:\/\/cos.uek.krakow.pl\/biuro-stypendiow-i-ubezpieczen-zdrowotnych\/zapomoga\/","title":{"rendered":"Zapomoga"},"content":{"rendered":"\t\t<div data-elementor-type=\"wp-page\" data-elementor-id=\"3058\" class=\"elementor elementor-3058\" data-elementor-post-type=\"page\">\n\t\t\t\t<div class=\"elementor-element elementor-element-2265839 e-flex e-con-boxed e-con e-parent\" data-id=\"2265839\" data-element_type=\"container\" data-e-type=\"container\">\n\t\t\t\t\t<div class=\"e-con-inner\">\n\t\t<div class=\"elementor-element elementor-element-b41afb7 e-con-full e-flex e-con e-child\" data-id=\"b41afb7\" data-element_type=\"container\" data-e-type=\"container\">\n\t\t\t\t<div class=\"elementor-element elementor-element-16f48d0 elementor-widget elementor-widget-text-editor\" data-id=\"16f48d0\" data-element_type=\"widget\" data-e-type=\"widget\" data-widget_type=\"text-editor.default\">\n\t\t\t\t<div class=\"elementor-widget-container\">\n\t\t\t\t\t\t\t\t\t<p>Zapomog\u0119 mo\u017ce otrzyma\u0107 student, kt\u00f3ry znalaz\u0142 si\u0119 przej\u015bciowo w trudnej sytuacji \u017cyciowej. O przyznanie zapomogi mo\u017ce ubiega\u0107 si\u0119 student z powodu:<\/p><ol><li>nieszcz\u0119\u015bliwego wypadku studenta lub cz\u0142onka rodziny,<\/li><li>choroby studenta lub cz\u0142onka rodziny,<\/li><li>urodzenia dziecka,<\/li><li>\u015bmierci cz\u0142onka rodziny,<\/li><li>innych wa\u017cnych okoliczno\u015bci.<\/li><\/ol><p>Zapomoga przyznawana jest na wniosek. Do wniosku o zapomog\u0119 nale\u017cy do\u0142\u0105czy\u0107 dokumenty potwierdzaj\u0105ce fakty, zdarzenia b\u0119d\u0105ce przyczyn\u0105 trudnej sytuacji \u017cyciowej.<\/p><p>Te same zdarzenia, fakty nie mog\u0105 by\u0107 podstaw\u0105 do wielokrotnego przyznania zapomogi.<\/p><p>Zapomoga mo\u017ce by\u0107 przyznana dwa razy w roku akademickim<\/p><p>O wysoko\u015bci zapomogi decyduje Komisja Stypendialna lub Odwo\u0142awcza Komisja Stypendialna jednak nie mo\u017ce by\u0107 wi\u0119ksza ni\u017c maksymalna ustalona w UEK.<\/p><p><a href=\"https:\/\/bip.uek.krakow.pl\/attachments\/7863\/download\">TERMIN REJESTRACJI I DOSTARCZENIA WNIOSK\u00d3W<\/a><\/p><p><strong>SPOS\u00d3B SK\u0141ADANIA WNIOSKU<\/strong><\/p><p>Sk\u0142adanie wniosk\u00f3w\u00a0 odbywa si\u0119 w dw\u00f3ch etapach:<\/p><h4><strong>Etap I<\/strong><strong>\u00a0\u00a0<\/strong><\/h4><p>elektroniczna rejestracja wniosk\u00f3w o stypendia\u00a0w systemie\u00a0<a href=\"https:\/\/usosweb.uek.krakow.pl\/\"><strong>USOSweb<\/strong><\/a><\/p><p>zak\u0142adka<em>\u00a0Dla wszystkich \/ Wnioski<\/em><\/p><h4><strong>Etap II<\/strong><\/h4><p>dostarczenie do weryfikacji do Biura Stypendi\u00f3w i Ubezpiecze\u0144 Zdrowotnych\u00a0 podpisanych wydruk\u00f3w<br \/>z USOS wraz z za\u0142\u0105cznikami.<\/p><p><strong>REGULAMIN<\/strong><\/p><ul><li><a href=\"https:\/\/cos.uek.krakow.pl\/biuro-stypendiow-i-ubezpieczen-zdrowotnych\/wp-content\/uploads\/sites\/2\/2025\/09\/zal_1_do_R.0211.45.2025_Regulamin.pdf\">Regulamin \u015bwiadcze\u0144 dla student\u00f3w UEK<\/a><\/li><li><a href=\"https:\/\/cos.uek.krakow.pl\/biuro-stypendiow-i-ubezpieczen-zdrowotnych\/wp-content\/uploads\/sites\/2\/2025\/09\/zal_1_do_Regulaminu-swiadczen.pdf\">Za\u0142\u0105cznik nr 1<\/a><\/li><li><a href=\"https:\/\/cos.uek.krakow.pl\/biuro-stypendiow-i-ubezpieczen-zdrowotnych\/wp-content\/uploads\/sites\/2\/2025\/09\/zal_2_do_Regulaminu-swiadczen_wykaz-dokumentow.pdf\">Za\u0142\u0105cznik nr 2<\/a><\/li><li><a href=\"https:\/\/cos.uek.krakow.pl\/biuro-stypendiow-i-ubezpieczen-zdrowotnych\/wp-content\/uploads\/sites\/2\/2025\/09\/zal_3_do_Regulaminu-swiadczen_oswiadczenie-o-dochodach-niepodlegajacych-opodatkowaniu.pdf\">Za\u0142\u0105cznik nr 3<\/a><\/li><li><a href=\"https:\/\/cos.uek.krakow.pl\/wp-content\/uploads\/2024\/07\/Zal.-4_do_Regulaminu-swiadczen.pdf\">Za\u0142\u0105cznik nr 4 obowi\u0105zuj\u0105cy w semestrze zimowym 2025\/2026<\/a><\/li><li><a href=\"https:\/\/cos.uek.krakow.pl\/biuro-stypendiow-i-ubezpieczen-zdrowotnych\/wp-content\/uploads\/sites\/2\/2025\/09\/zal_4_do_Regulaminu-swiadczen_Wykaz-osiagniec.pdf\">Za\u0142\u0105cznik nr 4 obowi\u0105zuj\u0105cy od semestru letniego 2025\/2026<\/a><\/li><li><a href=\"https:\/\/cos.uek.krakow.pl\/biuro-stypendiow-i-ubezpieczen-zdrowotnych\/wp-content\/uploads\/sites\/2\/2025\/09\/zal_4a_do_Regulaminu-swiadczen_zaswiadczenie-o-udziale-w-badaniu-naukowym.pdf\">Za\u0142\u0105cznik nr 4a<\/a><\/li><li><a href=\"https:\/\/cos.uek.krakow.pl\/biuro-stypendiow-i-ubezpieczen-zdrowotnych\/wp-content\/uploads\/sites\/2\/2025\/09\/zal_4b_do_Regulaminu-swiadczen_wzor-zaswiadczenia-o-ukonczeniu-studiow-pierwszego-stopnia.pdf\">Za\u0142\u0105cznik nr 4b<\/a><\/li><li><a href=\"https:\/\/cos.uek.krakow.pl\/biuro-stypendiow-i-ubezpieczen-zdrowotnych\/wp-content\/uploads\/sites\/2\/2025\/09\/zal_5_do_Regulaminu-swiadczen_Zasady-przyznawania-miejsc-w-DS.pdf\">Za\u0142\u0105cznik nr 5<\/a><\/li><li><a href=\"https:\/\/cos.uek.krakow.pl\/biuro-stypendiow-i-ubezpieczen-zdrowotnych\/wp-content\/uploads\/sites\/2\/2025\/09\/zal_6_do_Regulaminu-swiadczen_oswiadczenie-studenta.pdf\">Za\u0142\u0105cznik nr 6<\/a><\/li><\/ul><p><strong>AKTY PRAWNE<\/strong><\/p><ul><li><a href=\"https:\/\/isap.sejm.gov.pl\/isap.nsf\/download.xsp\/WDU20180001668\/U\/D20181668Lj.pdf\"><u>Ustawa z dnia 20 lipca 2018 r. \u2013 Prawo o szkolnictwie wy\u017cszym i nauce<\/u><\/a><\/li><\/ul><p><strong>Obs\u0142ug\u0105 student\u00f3w dla poszczeg\u00f3lnych kierunk\u00f3w studi\u00f3w zajmuje si\u0119:<br \/><\/strong>Biuro Stypendi\u00f3w i Ubezpiecze\u0144 Zdrowotnych<br \/>Budynek G\u0142\u00f3wny, II pi\u0119tro, pok. 215 \u2013 218<\/p><p><a href=\"https:\/\/cos.uek.krakow.pl\/biuro-stypendiow-i-ubezpieczen-zdrowotnych\/wp-content\/uploads\/sites\/2\/2025\/01\/Lista-pracownikow-2024_25.pdf\">Lista<br \/>pracownik\u00f3w 2024_25<\/a><\/p>\t\t\t\t\t\t\t\t<\/div>\n\t\t\t\t<\/div>\n\t\t\t\t<\/div>\n\t\t\t\t\t<\/div>\n\t\t\t\t<\/div>\n\t\t\t\t<\/div>\n\t\t","protected":false},"excerpt":{"rendered":"<p>Zapomog\u0119 mo\u017ce otrzyma\u0107 student, kt\u00f3ry znalaz\u0142 si\u0119 przej\u015bciowo w trudnej sytuacji \u017cyciowej. O przyznanie zapomogi mo\u017ce ubiega\u0107 si\u0119 student z powodu: nieszcz\u0119\u015bliwego wypadku studenta lub cz\u0142onka rodziny, choroby studenta lub cz\u0142onka rodziny, urodzenia dziecka, \u015bmierci cz\u0142onka rodziny, innych wa\u017cnych okoliczno\u015bci. Zapomoga przyznawana jest na wniosek. Do wniosku o zapomog\u0119 nale\u017cy do\u0142\u0105czy\u0107 dokumenty potwierdzaj\u0105ce fakty, zdarzenia b\u0119d\u0105ce przyczyn\u0105 trudnej sytuacji \u017cyciowej. Te same zdarzenia, fakty nie mog\u0105 by\u0107 podstaw\u0105 do wielokrotnego przyznania zapomogi. Zapomoga mo\u017ce by\u0107 przyznana dwa razy w roku akademickim O wysoko\u015bci zapomogi decyduje Komisja Stypendialna lub Odwo\u0142awcza Komisja Stypendialna jednak nie mo\u017ce by\u0107 wi\u0119ksza ni\u017c maksymalna ustalona w UEK. TERMIN REJESTRACJI I DOSTARCZENIA WNIOSK\u00d3W SPOS\u00d3B SK\u0141ADANIA WNIOSKU Sk\u0142adanie wniosk\u00f3w\u00a0 odbywa si\u0119 w dw\u00f3ch etapach: Etap I\u00a0\u00a0 elektroniczna rejestracja wniosk\u00f3w o stypendia\u00a0w systemie\u00a0USOSweb zak\u0142adka\u00a0Dla wszystkich \/ Wnioski Etap II dostarczenie do weryfikacji do Biura Stypendi\u00f3w i Ubezpiecze\u0144 Zdrowotnych\u00a0 podpisanych wydruk\u00f3wz USOS wraz z za\u0142\u0105cznikami. REGULAMIN Regulamin \u015bwiadcze\u0144 dla student\u00f3w UEK Za\u0142\u0105cznik nr 1 Za\u0142\u0105cznik nr 2 Za\u0142\u0105cznik nr 3 Za\u0142\u0105cznik nr 4 obowi\u0105zuj\u0105cy w semestrze zimowym 2025\/2026 Za\u0142\u0105cznik nr 4 obowi\u0105zuj\u0105cy od semestru letniego 2025\/2026 Za\u0142\u0105cznik nr 4a Za\u0142\u0105cznik nr 4b Za\u0142\u0105cznik nr 5 Za\u0142\u0105cznik nr 6 AKTY PRAWNE Ustawa z dnia 20 lipca 2018 r. \u2013 Prawo o szkolnictwie wy\u017cszym i nauce Obs\u0142ug\u0105 student\u00f3w dla poszczeg\u00f3lnych kierunk\u00f3w studi\u00f3w zajmuje si\u0119:Biuro Stypendi\u00f3w i Ubezpiecze\u0144 ZdrowotnychBudynek G\u0142\u00f3wny, II pi\u0119tro, pok. 215 \u2013 218 Listapracownik\u00f3w 2024_25<\/p>\n","protected":false},"author":5,"featured_media":0,"parent":0,"menu_order":0,"comment_status":"closed","ping_status":"closed","template":"","meta":{"footnotes":""},"class_list":["post-3058","page","type-page","status-publish","hentry"],"_links":{"self":[{"href":"https:\/\/cos.uek.krakow.pl\/biuro-stypendiow-i-ubezpieczen-zdrowotnych\/wp-json\/wp\/v2\/pages\/3058","targetHints":{"allow":["GET"]}}],"collection":[{"href":"https:\/\/cos.uek.krakow.pl\/biuro-stypendiow-i-ubezpieczen-zdrowotnych\/wp-json\/wp\/v2\/pages"}],"about":[{"href":"https:\/\/cos.uek.krakow.pl\/biuro-stypendiow-i-ubezpieczen-zdrowotnych\/wp-json\/wp\/v2\/types\/page"}],"author":[{"embeddable":true,"href":"https:\/\/cos.uek.krakow.pl\/biuro-stypendiow-i-ubezpieczen-zdrowotnych\/wp-json\/wp\/v2\/users\/5"}],"replies":[{"embeddable":true,"href":"https:\/\/cos.uek.krakow.pl\/biuro-stypendiow-i-ubezpieczen-zdrowotnych\/wp-json\/wp\/v2\/comments?post=3058"}],"version-history":[{"count":28,"href":"https:\/\/cos.uek.krakow.pl\/biuro-stypendiow-i-ubezpieczen-zdrowotnych\/wp-json\/wp\/v2\/pages\/3058\/revisions"}],"predecessor-version":[{"id":3805,"href":"https:\/\/cos.uek.krakow.pl\/biuro-stypendiow-i-ubezpieczen-zdrowotnych\/wp-json\/wp\/v2\/pages\/3058\/revisions\/3805"}],"wp:attachment":[{"href":"https:\/\/cos.uek.krakow.pl\/biuro-stypendiow-i-ubezpieczen-zdrowotnych\/wp-json\/wp\/v2\/media?parent=3058"}],"curies":[{"name":"wp","href":"https:\/\/api.w.org\/{rel}","templated":true}]}}