{"id":3060,"date":"2024-02-07T10:41:07","date_gmt":"2024-02-07T09:41:07","guid":{"rendered":"https:\/\/cos.uek.krakow.pl\/biuro-stypendiow-i-ubezpieczen-zdrowotnych\/?page_id=3060"},"modified":"2026-03-17T12:06:27","modified_gmt":"2026-03-17T11:06:27","slug":"ubezpieczenia-zdrowotne","status":"publish","type":"page","link":"https:\/\/cos.uek.krakow.pl\/biuro-stypendiow-i-ubezpieczen-zdrowotnych\/ubezpieczenia-zdrowotne\/","title":{"rendered":"Ubezpieczenia zdrowotne"},"content":{"rendered":"\t\t<div data-elementor-type=\"wp-page\" data-elementor-id=\"3060\" class=\"elementor elementor-3060\" data-elementor-post-type=\"page\">\n\t\t\t\t<div class=\"elementor-element elementor-element-b920e22 e-flex e-con-boxed e-con e-parent\" data-id=\"b920e22\" data-element_type=\"container\" data-e-type=\"container\">\n\t\t\t\t\t<div class=\"e-con-inner\">\n\t\t<div class=\"elementor-element elementor-element-9c133d7 e-con-full e-flex e-con e-child\" data-id=\"9c133d7\" data-element_type=\"container\" data-e-type=\"container\">\n\t\t\t\t<div class=\"elementor-element elementor-element-52ccb2e elementor-widget elementor-widget-text-editor\" data-id=\"52ccb2e\" data-element_type=\"widget\" data-e-type=\"widget\" data-widget_type=\"text-editor.default\">\n\t\t\t\t<div class=\"elementor-widget-container\">\n\t\t\t\t\t\t\t\t\t<p><strong>Student, aby mie\u0107 prawo do \u015bwiadcze\u0144 w ramach NFZ\u00a0<\/strong>powinien mie\u0107 w\u0142asny tytu\u0142 do ubezpieczenia (osoba pracuj\u0105ca, prowadz\u0105ca dzia\u0142alno\u015b\u0107) lub by\u0107 do niego zg\u0142oszonym np. przez rodzica, ma\u0142\u017conka lub uczelni\u0119.<\/p><p><strong><u>STUDENT \u2013 OBYWATEL POLSKI<\/u><\/strong><\/p><p>Je\u015bli student nie ma swojego ubezpieczenia lub nie mo\u017ce by\u0107 zg\u0142oszony jako cz\u0142onek rodziny (ma uko\u0144czone 26 lat), do ubezpieczenia zdrowotnego zg\u0142asza go uczelnia.<\/p><p>Student \u2013 aby uzyska\u0107 ubezpieczenie zdrowotne \u2013 sam musi zg\u0142osi\u0107 si\u0119 do Biura Stypendi\u00f3w<br \/>i Ubezpiecze\u0144 Zdrowotnych w tej sprawie, poniewa\u017c jest ubezpieczany na sw\u00f3j\u00a0wniosek.<\/p><p>Dokumenty, kt\u00f3re nale\u017cy z\u0142o\u017cy\u0107:<\/p><ul><li>pisemny wniosek o zg\u0142oszenie do ubezpieczenia zdrowotnego<\/li><li>o\u015bwiadczenie o braku tytu\u0142u do ubezpieczenia<\/li><li>wype\u0142niony druk ZZA<\/li><\/ul><p><strong><u>STUDENT \u2013 OBCOKRAJOWIEC<\/u><\/strong><\/p><ol><li>Student, kt\u00f3ry posiada\u00a0<u>Kart\u0119 Polaka lub za\u015bwiadczenie o polskim pochodzeniu<\/u>, zg\u0142asza si\u0119 do Biura Stypendi\u00f3w i Ubezpiecze\u0144 Zdrowotnych celem uzyskania ubezpieczenia zdrowotnego, je\u015bli nie ma swojego ubezpieczenia lub nie mo\u017ce by\u0107 zg\u0142oszony jako cz\u0142onek rodziny. W\u00f3wczas do ubezpieczenia zdrowotnego zg\u0142asza go uczelnia na jego wniosek. Z chwil\u0105 otrzymania pozwolenia na pobyt sta\u0142y ( Karta Sta\u0142ego Pobytu) lub obywatelstwa polskiego, student niezw\u0142ocznie powiadamia o tym fakcie Biuro Stypendi\u00f3w i Ubezpiecze\u0144 Zdrowotnych w celu wyrejestrowania z ubezpieczenia zdrowotnego.<\/li><\/ol><p>Dokumenty, kt\u00f3re nale\u017cy z\u0142o\u017cy\u0107:<\/p><ul><li>pisemny wniosek o zg\u0142oszenie do ubezpieczenia zdrowotnego<\/li><li>o\u015bwiadczenie o braku tytu\u0142u do ubezpieczenia<\/li><li>wype\u0142niony druk ZZA<\/li><\/ul><ol start=\"2\"><li>Student obcokrajowiec\u00a0<u>spoza UE<\/u>\u00a0ubezpiecza si\u0119 w Polsce poprzez zawarcie umowy dobrowolnego ubezpieczenia zdrowotnego z oddzia\u0142em Narodowego Funduszu Zdrowia (NFZ) w Krakowie ul. Wadowicka 8W i sam finansuje sobie op\u0142acanie comiesi\u0119cznej sk\u0142adki zdrowotnej.<\/li><\/ol><p><span style=\"text-decoration: underline\"><strong>OBYWATELE UKRAINY OBJ\u0118CI OCHRON\u0104 CZASOW\u0104<\/strong><\/span><\/p><p>Zgodnie z tre\u015bci\u0105\u00a0Ustawy z dnia 23 stycznia 2026 r. o wygaszeniu rozwi\u0105za\u0144 wynikaj\u0105cych z ustawy o pomocy obywatelom Ukrainy w zwi\u0105zku z konfliktem zbrojnym na terytorium tego pa\u0144stwa oraz o zmianie niekt\u00f3rych innych ustaw, pe\u0142noletni obywatele Ukrainy, kt\u00f3rzy s\u0105 obj\u0119ci ochron\u0105 czasow\u0105 (<strong>\u201estatus UKR\u201d<\/strong>) od 5 marca 2026 r. nie s\u0105 ju\u017c obj\u0119ci opiek\u0105 medyczn\u0105 w Narodowym Funduszu Zdrowia. Osoby te, je\u017celi nie s\u0105 obj\u0119te ubezpieczeniem zdrowotnym przez pracodawc\u0119 lub cz\u0142onka rodziny, musz\u0105 przyst\u0105pi\u0107 do ubezpieczenia w Narodowym Funduszu Zdrowia lub wykupi\u0107 polis\u0119 ubezpieczeniow\u0105.\u00a0<\/p><p><strong>\u00a0<\/strong><a style=\"letter-spacing: 0px\" href=\"https:\/\/cos.uek.krakow.pl\/biuro-stypendiow-i-ubezpieczen-zdrowotnych\/wp-content\/uploads\/sites\/2\/2025\/01\/Lista-pracownikow-2024_25.pdf\">Lista<br \/>pracownik\u00f3w 2024_25<\/a><\/p><p><strong>\u00a0<\/strong><\/p><p><strong>Ubezpieczenia NNW oraz OC<\/strong><\/p><p>Parlament Studencki Uniwersytetu Ekonomicznego oferuje ubezpieczenia od nast\u0119pstw nieszcz\u0119\u015bliwych wypadk\u00f3w oraz od odpowiedzialno\u015bci cywilnej. Posiadanie ubezpieczenia mo\u017ce nie tylko zapewni\u0107 Ci odszkodowanie w razie wypadku, ale jest te\u017c warunkiem zaliczenia obowi\u0105zkowych praktyk studenckich.<\/p><p>Wi\u0119cej informacji:\u00a0<a href=\"http:\/\/psuek.pl\/\">http:\/\/psuek.pl\/<\/a><\/p>\t\t\t\t\t\t\t\t<\/div>\n\t\t\t\t<\/div>\n\t\t\t\t<\/div>\n\t\t\t\t\t<\/div>\n\t\t\t\t<\/div>\n\t\t\t\t<\/div>\n\t\t","protected":false},"excerpt":{"rendered":"<p>Student, aby mie\u0107 prawo do \u015bwiadcze\u0144 w ramach NFZ\u00a0powinien mie\u0107 w\u0142asny tytu\u0142 do ubezpieczenia (osoba pracuj\u0105ca, prowadz\u0105ca dzia\u0142alno\u015b\u0107) lub by\u0107 do niego zg\u0142oszonym np. przez rodzica, ma\u0142\u017conka lub uczelni\u0119. STUDENT \u2013 OBYWATEL POLSKI Je\u015bli student nie ma swojego ubezpieczenia lub nie mo\u017ce by\u0107 zg\u0142oszony jako cz\u0142onek rodziny (ma uko\u0144czone 26 lat), do ubezpieczenia zdrowotnego zg\u0142asza go uczelnia. Student \u2013 aby uzyska\u0107 ubezpieczenie zdrowotne \u2013 sam musi zg\u0142osi\u0107 si\u0119 do Biura Stypendi\u00f3wi Ubezpiecze\u0144 Zdrowotnych w tej sprawie, poniewa\u017c jest ubezpieczany na sw\u00f3j\u00a0wniosek. Dokumenty, kt\u00f3re nale\u017cy z\u0142o\u017cy\u0107: pisemny wniosek o zg\u0142oszenie do ubezpieczenia zdrowotnego o\u015bwiadczenie o braku tytu\u0142u do ubezpieczenia wype\u0142niony druk ZZA STUDENT \u2013 OBCOKRAJOWIEC Student, kt\u00f3ry posiada\u00a0Kart\u0119 Polaka lub za\u015bwiadczenie o polskim pochodzeniu, zg\u0142asza si\u0119 do Biura Stypendi\u00f3w i Ubezpiecze\u0144 Zdrowotnych celem uzyskania ubezpieczenia zdrowotnego, je\u015bli nie ma swojego ubezpieczenia lub nie mo\u017ce by\u0107 zg\u0142oszony jako cz\u0142onek rodziny. W\u00f3wczas do ubezpieczenia zdrowotnego zg\u0142asza go uczelnia na jego wniosek. Z chwil\u0105 otrzymania pozwolenia na pobyt sta\u0142y ( Karta Sta\u0142ego Pobytu) lub obywatelstwa polskiego, student niezw\u0142ocznie powiadamia o tym fakcie Biuro Stypendi\u00f3w i Ubezpiecze\u0144 Zdrowotnych w celu wyrejestrowania z ubezpieczenia zdrowotnego. Dokumenty, kt\u00f3re nale\u017cy z\u0142o\u017cy\u0107: pisemny wniosek o zg\u0142oszenie do ubezpieczenia zdrowotnego o\u015bwiadczenie o braku tytu\u0142u do ubezpieczenia wype\u0142niony druk ZZA Student obcokrajowiec\u00a0spoza UE\u00a0ubezpiecza si\u0119 w Polsce poprzez zawarcie umowy dobrowolnego ubezpieczenia zdrowotnego z oddzia\u0142em Narodowego Funduszu Zdrowia (NFZ) w Krakowie ul. Wadowicka 8W i sam finansuje sobie op\u0142acanie comiesi\u0119cznej sk\u0142adki zdrowotnej. OBYWATELE UKRAINY OBJ\u0118CI OCHRON\u0104 CZASOW\u0104 Zgodnie z tre\u015bci\u0105\u00a0Ustawy z dnia 23 stycznia 2026 r. o wygaszeniu rozwi\u0105za\u0144 wynikaj\u0105cych z ustawy o pomocy obywatelom Ukrainy w zwi\u0105zku z konfliktem zbrojnym na terytorium tego pa\u0144stwa oraz o zmianie niekt\u00f3rych innych ustaw, pe\u0142noletni obywatele Ukrainy, kt\u00f3rzy s\u0105 obj\u0119ci ochron\u0105 czasow\u0105 (\u201estatus UKR\u201d) od 5 marca 2026 r. nie s\u0105 ju\u017c obj\u0119ci opiek\u0105 medyczn\u0105 w Narodowym Funduszu Zdrowia. Osoby te, je\u017celi nie s\u0105 obj\u0119te ubezpieczeniem zdrowotnym przez pracodawc\u0119 lub cz\u0142onka rodziny, musz\u0105 przyst\u0105pi\u0107 do ubezpieczenia w Narodowym Funduszu Zdrowia lub wykupi\u0107 polis\u0119 ubezpieczeniow\u0105.\u00a0 \u00a0Listapracownik\u00f3w 2024_25 \u00a0 Ubezpieczenia NNW oraz OC Parlament Studencki Uniwersytetu Ekonomicznego oferuje ubezpieczenia od nast\u0119pstw nieszcz\u0119\u015bliwych wypadk\u00f3w oraz od odpowiedzialno\u015bci cywilnej. Posiadanie ubezpieczenia mo\u017ce nie tylko zapewni\u0107 Ci odszkodowanie w razie wypadku, ale jest te\u017c warunkiem zaliczenia obowi\u0105zkowych praktyk studenckich. Wi\u0119cej informacji:\u00a0http:\/\/psuek.pl\/<\/p>\n","protected":false},"author":5,"featured_media":0,"parent":0,"menu_order":0,"comment_status":"closed","ping_status":"closed","template":"","meta":{"footnotes":""},"class_list":["post-3060","page","type-page","status-publish","hentry"],"_links":{"self":[{"href":"https:\/\/cos.uek.krakow.pl\/biuro-stypendiow-i-ubezpieczen-zdrowotnych\/wp-json\/wp\/v2\/pages\/3060","targetHints":{"allow":["GET"]}}],"collection":[{"href":"https:\/\/cos.uek.krakow.pl\/biuro-stypendiow-i-ubezpieczen-zdrowotnych\/wp-json\/wp\/v2\/pages"}],"about":[{"href":"https:\/\/cos.uek.krakow.pl\/biuro-stypendiow-i-ubezpieczen-zdrowotnych\/wp-json\/wp\/v2\/types\/page"}],"author":[{"embeddable":true,"href":"https:\/\/cos.uek.krakow.pl\/biuro-stypendiow-i-ubezpieczen-zdrowotnych\/wp-json\/wp\/v2\/users\/5"}],"replies":[{"embeddable":true,"href":"https:\/\/cos.uek.krakow.pl\/biuro-stypendiow-i-ubezpieczen-zdrowotnych\/wp-json\/wp\/v2\/comments?post=3060"}],"version-history":[{"count":13,"href":"https:\/\/cos.uek.krakow.pl\/biuro-stypendiow-i-ubezpieczen-zdrowotnych\/wp-json\/wp\/v2\/pages\/3060\/revisions"}],"predecessor-version":[{"id":3919,"href":"https:\/\/cos.uek.krakow.pl\/biuro-stypendiow-i-ubezpieczen-zdrowotnych\/wp-json\/wp\/v2\/pages\/3060\/revisions\/3919"}],"wp:attachment":[{"href":"https:\/\/cos.uek.krakow.pl\/biuro-stypendiow-i-ubezpieczen-zdrowotnych\/wp-json\/wp\/v2\/media?parent=3060"}],"curies":[{"name":"wp","href":"https:\/\/api.w.org\/{rel}","templated":true}]}}